{"id":1693,"date":"2019-05-09T13:33:16","date_gmt":"2019-05-09T11:33:16","guid":{"rendered":"https:\/\/www.simonmoebel.de\/contact\/"},"modified":"2023-08-30T15:16:34","modified_gmt":"2023-08-30T13:16:34","slug":"contact","status":"publish","type":"page","link":"https:\/\/www.simonmoebel.de\/en\/contact\/","title":{"rendered":"Contact"},"content":{"rendered":"<h1>Let&#8217;s create something great together.<\/h1>\n<div>\n<p>51.7924,11.1708<\/p>\n<div>Simon M\u00f6bel GmbH<\/div>\n<div>\n<p>Magdeburger Stra\u00dfe 13<br \/>06484 Quedlinburg<\/p>\n<\/div>\n<p><a href=\"https:\/\/goo.gl\/maps\/ttmStXDeK7qbMYeX6\" target=\"_blank\" rel=\"noopener\">Calculate route<\/a><\/p>\n<\/div>\n<ul>\n<li>\n<p>        <img decoding=\"async\" src=\"\/wp-content\/uploads\/logo-simon-grey.svg\" alt=\"Logo\"><\/p>\n<\/li>\n<li>\n<div>\n<p>Simon M\u00f6bel GmbH<\/p>\n<\/div>\n<\/li>\n<li>\n<div>Magdeburger Stra\u00dfe 13<\/div>\n<\/li>\n<li>\n<div>06484 Quedlinburg<\/div>\n<\/li>\n<li>\n<div>\n<p>Germany<\/p>\n<\/div>\n<\/li>\n<\/ul>\n<ul>\n<li>\n<h3>Phone<\/h3>\n<p><a href=\"tel:+49394672350\">+49 3946 72350<\/a><\/p>\n<\/li>\n<li>\n<h3>Fax<\/h3>\n<p><a href=\"tel:+49394672364\">+49 3946 72364<\/a><\/p>\n<\/li>\n<li>\n<h3>E-mail<\/h3>\n<p>vertrieb@simonmoebel.de<\/p>\n<\/li>\n<\/ul>\n<div>We are looking forward to your message:<\/div>\n<hr>\n<p><!--more--><br \/>\n<!-- {\"type\":\"layout\",\"children\":[{\"name\":\"Hero\",\"type\":\"section\",\"props\":{\"animation\":\"slide-bottom-small\",\"animation_delay\":\"200\",\"image_position\":\"center-center\",\"padding\":\"large\",\"style\":\"default\",\"title_breakpoint\":\"xl\",\"title_position\":\"top-left\",\"title_rotation\":\"left\",\"vertical_align\":\"\",\"width\":\"large\"},\"children\":[{\"type\":\"row\",\"children\":[{\"type\":\"column\",\"props\":{\"image_position\":\"center-center\",\"position_sticky_breakpoint\":\"m\",\"width_medium\":\"1-1\"},\"children\":[{\"type\":\"headline\",\"props\":{\"content\":\"Let's create something great together.\",\"maxwidth\":\"2xlarge\",\"parallax_breakpoint\":\"m\",\"parallax_easing\":\"1\",\"parallax_y\":\"0,-50\",\"title_element\":\"h1\",\"title_style\":\"heading-medium\"}}]}]}]},{\"name\":\"Contact\",\"type\":\"section\",\"props\":{\"image_position\":\"center-center\",\"padding_remove_top\":true,\"style\":\"default\",\"title_breakpoint\":\"xl\",\"title_position\":\"top-left\",\"title_rotation\":\"left\",\"vertical_align\":\"\",\"width\":\"\"},\"children\":[{\"type\":\"row\",\"props\":{\"column_gap\":\"collapse\",\"layout\":\"2-3,1-3\",\"row_gap\":\"collapse\"},\"children\":[{\"type\":\"column\",\"props\":{\"image_position\":\"center-center\",\"position_sticky_breakpoint\":\"m\",\"width_large\":\"2-3\"},\"children\":[{\"type\":\"map\",\"props\":{\"animation\":\"none\",\"controls\":true,\"dragging\":true,\"height\":\"750\",\"image_svg_color\":\"emphasis\",\"link_style\":\"default\",\"link_text\":\"Read more\",\"margin\":\"default\",\"marker_icon\":\"wp-content\\\/uploads\\\/icon-map-marker.svg\",\"max_zoom\":18,\"meta_align\":\"below-title\",\"meta_element\":\"div\",\"meta_style\":\"text-meta\",\"min_zoom\":0,\"parallax_end\":\"70vh + 70%\",\"parallax_y\":\"30,0\",\"poi\":false,\"show_content\":true,\"show_image\":true,\"show_link\":true,\"show_meta\":true,\"show_title\":true,\"styler_hue\":\"rgb(255, 255, 255)\",\"styler_lightness\":\"42\",\"title_element\":\"div\",\"title_hover_style\":\"reset\",\"title_style\":\"h4\",\"type\":\"roadmap\",\"zoom\":\"15\",\"zooming\":true},\"children\":[{\"type\":\"map_item\",\"props\":{\"content\":\"\n\n<p>Magdeburger Stra\\u00dfe 13<br \\\/>06484 Quedlinburg<\\\/p>\",\"hide\":false,\"link\":\"https:\\\/\\\/goo.gl\\\/maps\\\/ttmStXDeK7qbMYeX6\",\"link_text\":\"Calculate route\",\"location\":\"51.7924,11.1708\",\"show_popup\":true,\"title\":\"Simon M\\u00f6bel GmbH\"}}]}]},{\"type\":\"column\",\"props\":{\"image_position\":\"center-center\",\"position_sticky_breakpoint\":\"m\",\"preserve_color\":false,\"style\":\"tile-secondary\",\"vertical_align\":\"middle\",\"width_large\":\"1-3\"},\"children\":[{\"type\":\"list\",\"props\":{\"animation\":\"parallax\",\"column_breakpoint\":\"m\",\"content_style\":\"h3\",\"image_align\":\"left\",\"image_svg_color\":\"emphasis\",\"image_vertical_align\":true,\"list_element\":\"ul\",\"list_horizontal_separator\":\", \",\"list_type\":\"vertical\",\"margin\":\"large\",\"parallax_breakpoint\":\"m\",\"parallax_easing\":\"1\",\"parallax_end\":\"70vh + 70%\",\"parallax_y\":\"30,0\",\"show_image\":true,\"show_link\":true,\"text_align\":\"left\"},\"children\":[{\"type\":\"list_item\",\"props\":{\"image\":\"wp-content\\\/uploads\\\/logo-simon-grey.svg\",\"image_alt\":\"Logo\"}},{\"type\":\"list_item\",\"props\":{\"content\":\"\n\n<p>Simon M\\u00f6bel GmbH<\\\/p>\"}},{\"type\":\"list_item\",\"props\":{\"content\":\"Magdeburger Stra\\u00dfe 13\"}},{\"type\":\"list_item\",\"props\":{\"content\":\"06484 Quedlinburg\"}},{\"type\":\"list_item\",\"props\":{\"content\":\"\n\n<p>Germany<\\\/p>\"}}]},{\"type\":\"description_list\",\"props\":{\"animation\":\"none\",\"column_breakpoint\":\"m\",\"content_style\":\"text-lead\",\"layout\":\"grid-2\",\"list_element\":\"ul\",\"meta_align\":\"below-content\",\"meta_style\":\"h4\",\"show_content\":true,\"show_link\":true,\"show_meta\":true,\"show_title\":true,\"title_colon\":false,\"title_color\":\"muted\",\"title_element\":\"div\",\"title_grid_column_gap\":\"\",\"title_grid_row_gap\":\"\",\"title_grid_width\":\"small\",\"title_leader\":true,\"title_style\":\"h4\"},\"children\":[{\"type\":\"description_list_item\",\"props\":{\"content\":\"+49 3946 72350\",\"link\":\"tel:+49394672350\",\"meta\":\"\",\"title\":\"Phone\"}},{\"type\":\"description_list_item\",\"props\":{\"content\":\"+49 3946 72364\",\"link\":\"tel:+49394672364\",\"meta\":\"\",\"title\":\"Fax\"}},{\"type\":\"description_list_item\",\"props\":{\"content\":\"\",\"link\":\"mailto:vertrieb@simonmoebel.de\",\"meta\":\"vertrieb@simonmoebel.de\",\"title\":\"E-mail\"}}]}]}]}]},{\"type\":\"section\",\"props\":{\"image_position\":\"center-center\",\"style\":\"default\",\"title_breakpoint\":\"xl\",\"title_position\":\"top-left\",\"title_rotation\":\"left\",\"vertical_align\":\"middle\",\"width\":\"xsmall\",\"yooessentials_form\":{\"state\":true,\"after_submit_actions\":[{\"id\":\"7F6691\",\"type\":\"message\",\"props\":{\"content\":\"\n\n<h2 class=\\\"uk-text-success\\\">Thank you very much!<\\\/h2>\\n\n\n<p class=\\\"uk-text-success\\\">Your message has been sent successfully. We will contact you shortly.<\\\/p>\"}},{\"id\":\"FBA47C\",\"type\":\"email\",\"props\":{\"html\":true,\"attachments\":[null],\"submitted_attachments\":[null],\"subject\":\"Neue Nachricht \\u00fcber Website\",\"recipients\":\"vertrieb@simonmoebel.de\",\"from\":\"vertrieb@simonmoebel.de\",\"from_name\":\"Simon M\\u00f6bel GmbH\",\"body\":\"\n\n<p><strong>Anrede:<\\\/strong> {Anrede}<br \\\/><strong>Name:<\\\/strong> {Name}<br \\\/><strong>Unternehmen:<\\\/strong> {Unternehmen}<br \\\/><strong>E-Mail:<\\\/strong> {Email}<br \\\/><strong>Telefon:<\\\/strong> {Telefon}<br \\\/><strong>Anliegen:<\\\/strong> {Anliegen}<\\\/p>\\n\n\n<p><strong>Nachricht:<\\\/strong><br \\\/>{Nachricht}<\\\/p>\",\"bccs\":\"\"}}],\"html5validation\":false,\"override_action_url\":false,\"action_method\":\"POST\",\"reset_after_submit\":true}},\"children\":[{\"type\":\"row\",\"children\":[{\"type\":\"column\",\"props\":{\"image_position\":\"center-center\",\"position_sticky_breakpoint\":\"m\"},\"children\":[{\"type\":\"headline\",\"props\":{\"content\":\"We are looking forward to your message:\",\"title_element\":\"div\",\"title_style\":\"h3\"}},{\"type\":\"divider\",\"props\":{\"divider_element\":\"hr\",\"divider_style\":\"small\"}}]}]},{\"type\":\"row\",\"children\":[{\"type\":\"column\",\"props\":{\"image_position\":\"center-center\",\"position_sticky_breakpoint\":\"m\"},\"children\":[{\"type\":\"yooessentials_form_select\",\"props\":{\"control_error_message\":\"Please select.\",\"control_id_inherit\":true,\"control_label\":\"Your salutation\",\"control_name\":\"Anrede\",\"control_required\":true,\"margin\":\"default\"},\"children\":[{\"type\":\"yooessentials_form_option\",\"props\":{\"disabled\":false,\"text\":\"\n\n<p>Select...<\\\/p>\"}},{\"type\":\"yooessentials_form_option\",\"props\":{\"disabled\":false,\"text\":\"\n\n<p>Mr.<\\\/p>\",\"value\":\"Herr\"}},{\"type\":\"yooessentials_form_option\",\"props\":{\"disabled\":false,\"text\":\"\n\n<p>Ms.<\\\/p>\",\"value\":\"Frau\"}},{\"type\":\"yooessentials_form_option\",\"props\":{\"disabled\":false,\"text\":\"\n\n<p>Not specified<\\\/p>\",\"value\":\"Keine Angabe\"}}]},{\"type\":\"yooessentials_form_input\",\"props\":{\"control_icon_align\":\"left\",\"grid_column_gap\":\"small\",\"grid_columns_number\":\"auto\",\"grid_row_gap\":\"small\",\"margin\":\"default\",\"show_icon\":true,\"show_label\":true},\"children\":[{\"type\":\"yooessentials_form_input_text\",\"props\":{\"control_error_message\":\"This is a required field.\",\"control_icon\":\"user\",\"control_id_inherit\":true,\"control_label\":\"Your name\",\"control_name\":\"Name\",\"control_required\":true}}]},{\"type\":\"yooessentials_form_input\",\"props\":{\"control_icon_align\":\"left\",\"grid_column_gap\":\"small\",\"grid_columns_number\":\"auto\",\"grid_row_gap\":\"small\",\"margin\":\"default\",\"show_icon\":true,\"show_label\":true},\"children\":[{\"type\":\"yooessentials_form_input_text\",\"props\":{\"control_error_message\":\"This is a required field.\",\"control_icon\":\"home\",\"control_id_inherit\":true,\"control_label\":\"Your company\",\"control_name\":\"Unternehmen\",\"control_required\":true}}]},{\"type\":\"yooessentials_form_input\",\"props\":{\"control_icon_align\":\"left\",\"grid_column_gap\":\"small\",\"grid_columns_number\":\"auto\",\"grid_row_gap\":\"small\",\"margin\":\"default\",\"show_icon\":true,\"show_label\":true},\"children\":[{\"type\":\"yooessentials_form_input_email\",\"props\":{\"control_error_message\":\"Please enter a valid e-mail address.\",\"control_icon\":\"mail\",\"control_id_inherit\":true,\"control_label\":\"Your email address\",\"control_name\":\"Email\",\"control_required\":true}}]},{\"type\":\"yooessentials_form_input\",\"props\":{\"control_icon_align\":\"left\",\"grid_column_gap\":\"small\",\"grid_columns_number\":\"auto\",\"grid_row_gap\":\"small\",\"margin\":\"default\",\"show_icon\":true,\"show_label\":true},\"children\":[{\"type\":\"yooessentials_form_input_text\",\"props\":{\"control_icon\":\"receiver\",\"control_id_inherit\":true,\"control_label\":\"Your phone number\",\"control_name\":\"Telefon\",\"control_placeholder\":\"-optional-\",\"control_required\":false}}]},{\"type\":\"yooessentials_form_select\",\"props\":{\"control_error_message\":\"Please select.\",\"control_id_inherit\":true,\"control_label\":\"Your request\",\"control_name\":\"Anliegen\",\"control_required\":true,\"margin\":\"default\"},\"children\":[{\"type\":\"yooessentials_form_option\",\"props\":{\"disabled\":false,\"text\":\"\n\n<p>Select...<\\\/p>\"}},{\"type\":\"yooessentials_form_option\",\"props\":{\"disabled\":false,\"text\":\"\n\n<p>Please contact us<\\\/p>\",\"value\":\"Bitte um Kontaktaufnahme\"}},{\"type\":\"yooessentials_form_option\",\"props\":{\"disabled\":false,\"text\":\"\n\n<p>Your possible supplier<\\\/p>\",\"value\":\"Ihr m\\u00f6glicher Lieferant\"}},{\"type\":\"yooessentials_form_option\",\"props\":{\"disabled\":false,\"text\":\"\n\n<p>general inquiry<\\\/p>\",\"value\":\"allgemeine Anfrage\"}}]},{\"type\":\"yooessentials_form_textarea\",\"props\":{\"control_error_message\":\"This is a required field.\",\"control_id_inherit\":true,\"control_label\":\"What can we do for you?\",\"control_name\":\"Nachricht\",\"control_required\":true,\"control_rows\":6,\"margin\":\"default\"}},{\"type\":\"yooessentials_form_checkbox\",\"props\":{\"control_error_message\":\"Please read and accept our privacy policy.\",\"control_id_inherit\":true,\"control_layout\":\"vertical\",\"control_name\":\"Datenschutz\",\"control_required\":true,\"margin\":\"default\"},\"children\":[{\"type\":\"yooessentials_form_option\",\"props\":{\"disabled\":false,\"text\":\"\n\n<p>I have read and accept the <a href=\\\"https:\\\/\\\/www.simonmoebel.de\\\/en\\\/privacy-policy\\\/\\\" target=\\\"_blank\\\" rel=\\\"noopener\\\">Privacy Policy<\\\/a>.<\\\/p>\",\"value\":\"Akzeptiert\"}}]},{\"type\":\"yooessentials_form_input\",\"props\":{\"control_icon_align\":\"left\",\"grid_column_gap\":\"small\",\"grid_columns_number\":\"auto\",\"grid_row_gap\":\"small\",\"margin\":\"default\",\"show_icon\":true,\"show_label\":true},\"children\":[{\"type\":\"yooessentials_form_input_number\",\"props\":{\"control_error_message\":\"Please enter the correct solution as a number.\",\"control_icon\":\"question\",\"control_id_inherit\":true,\"control_label\":\"Are you a human being? Please solve the following question:\",\"control_max\":\"4\",\"control_min\":\"4\",\"control_name\":\"Captcha\",\"control_placeholder\":\"Thirteen minus 9\",\"control_required\":true}}]},{\"type\":\"yooessentials_form_button\",\"props\":{\"grid_column_gap\":\"small\",\"grid_row_gap\":\"small\",\"margin\":\"default\"},\"children\":[{\"type\":\"yooessentials_form_button_item\",\"props\":{\"button_style\":\"default\",\"content\":\"Send message\",\"icon\":\"arrow-right\",\"icon_align\":\"left\"}}]}]}]}],\"formid\":\"d9585701\"},{\"type\":\"section\",\"props\":{\"image_position\":\"center-center\",\"style\":\"default\",\"title_breakpoint\":\"xl\",\"title_position\":\"top-left\",\"title_rotation\":\"left\",\"vertical_align\":\"middle\",\"width\":\"default\"},\"children\":[{\"type\":\"row\",\"children\":[{\"type\":\"column\",\"props\":{\"image_position\":\"center-center\",\"position_sticky_breakpoint\":\"m\"}}]}]}],\"version\":\"4.0.11\",\"yooessentialsVersion\":\"2.0.13\"} --><\/p>\n","protected":false},"excerpt":{"rendered":"<p>Let&#8217;s create something great together. 51.7924,11.1708 Simon M\u00f6bel GmbH Magdeburger Stra\u00dfe 1306484 Quedlinburg Calculate route Simon M\u00f6bel GmbH Magdeburger Stra\u00dfe 13 06484 Quedlinburg Germany Phone +49 3946 72350 Fax +49 3946 72364 E-mail vertrieb@simonmoebel.de We are looking forward to your message:<\/p>\n","protected":false},"author":1,"featured_media":0,"parent":0,"menu_order":4,"comment_status":"closed","ping_status":"closed","template":"","meta":{"inline_featured_image":false,"footnotes":""},"class_list":["post-1693","page","type-page","status-publish","hentry"],"_links":{"self":[{"href":"https:\/\/www.simonmoebel.de\/en\/wp-json\/wp\/v2\/pages\/1693","targetHints":{"allow":["GET"]}}],"collection":[{"href":"https:\/\/www.simonmoebel.de\/en\/wp-json\/wp\/v2\/pages"}],"about":[{"href":"https:\/\/www.simonmoebel.de\/en\/wp-json\/wp\/v2\/types\/page"}],"author":[{"embeddable":true,"href":"https:\/\/www.simonmoebel.de\/en\/wp-json\/wp\/v2\/users\/1"}],"replies":[{"embeddable":true,"href":"https:\/\/www.simonmoebel.de\/en\/wp-json\/wp\/v2\/comments?post=1693"}],"version-history":[{"count":10,"href":"https:\/\/www.simonmoebel.de\/en\/wp-json\/wp\/v2\/pages\/1693\/revisions"}],"predecessor-version":[{"id":1745,"href":"https:\/\/www.simonmoebel.de\/en\/wp-json\/wp\/v2\/pages\/1693\/revisions\/1745"}],"wp:attachment":[{"href":"https:\/\/www.simonmoebel.de\/en\/wp-json\/wp\/v2\/media?parent=1693"}],"curies":[{"name":"wp","href":"https:\/\/api.w.org\/{rel}","templated":true}]}}